{"id":1055,"date":"2025-07-07T10:40:13","date_gmt":"2025-07-07T08:40:13","guid":{"rendered":"https:\/\/nastartovac.nastartovac.eu\/job-offer\/"},"modified":"2025-07-13T09:55:25","modified_gmt":"2025-07-13T07:55:25","slug":"job-offer","status":"publish","type":"page","link":"https:\/\/nastartovac.nastartovac.eu\/en\/job-offer\/","title":{"rendered":"Job offer"},"content":{"rendered":"\t\t<div data-elementor-type=\"wp-page\" data-elementor-id=\"1055\" class=\"elementor elementor-1055 elementor-944\" data-elementor-post-type=\"page\">\n\t\t\t\t<div class=\"elementor-element elementor-element-7ebc8e20 e-con-full e-flex e-con e-parent\" data-id=\"7ebc8e20\" data-element_type=\"container\" data-settings=\"{&quot;background_background&quot;:&quot;gradient&quot;,&quot;background_motion_fx_motion_fx_scrolling&quot;:&quot;yes&quot;,&quot;background_motion_fx_translateX_effect&quot;:&quot;yes&quot;,&quot;background_motion_fx_translateX_speed&quot;:{&quot;unit&quot;:&quot;px&quot;,&quot;size&quot;:6.5,&quot;sizes&quot;:[]},&quot;background_motion_fx_translateX_affectedRange&quot;:{&quot;unit&quot;:&quot;%&quot;,&quot;size&quot;:&quot;&quot;,&quot;sizes&quot;:{&quot;start&quot;:0,&quot;end&quot;:100}},&quot;background_motion_fx_devices&quot;:[&quot;desktop&quot;,&quot;laptop&quot;,&quot;tablet&quot;,&quot;mobile&quot;]}\">\n\t\t<div class=\"elementor-element elementor-element-3f2996d e-flex e-con-boxed elementor-invisible e-con e-child\" data-id=\"3f2996d\" data-element_type=\"container\" data-settings=\"{&quot;animation&quot;:&quot;slideInUp&quot;,&quot;animation_delay&quot;:150}\">\n\t\t\t\t\t<div class=\"e-con-inner\">\n\t\t<div class=\"elementor-element elementor-element-f7a7e80 e-con-full e-flex e-con e-child\" data-id=\"f7a7e80\" data-element_type=\"container\">\n\t\t\t\t<div class=\"elementor-element elementor-element-3193c870 elementor-widget elementor-widget-heading\" data-id=\"3193c870\" data-element_type=\"widget\" data-widget_type=\"heading.default\">\n\t\t\t\t<div class=\"elementor-widget-container\">\n\t\t\t\t\t<div class=\"elementor-heading-title elementor-size-default\">\ud83d\udcc8<\/div>\t\t\t\t<\/div>\n\t\t\t\t<\/div>\n\t\t\t\t<\/div>\n\t\t\t\t<div class=\"elementor-element elementor-element-13232643 elementor-widget__width-initial elementor-widget elementor-widget-elementskit-heading\" data-id=\"13232643\" data-element_type=\"widget\" data-widget_type=\"elementskit-heading.default\">\n\t\t\t\t<div class=\"elementor-widget-container\">\n\t\t\t\t\t<div class=\"ekit-wid-con\" ><div class=\"ekit-heading elementskit-section-title-wraper text_center   ekit_heading_tablet-   ekit_heading_mobile-\"><h2 class=\"ekit-heading--title elementskit-section-title text_fill\">Join our team and develop <span><span>your career<\/span><\/span><\/h2><\/div><\/div>\t\t\t\t<\/div>\n\t\t\t\t<\/div>\n\t\t\t\t\t<\/div>\n\t\t\t\t<\/div>\n\t\t\t\t<\/div>\n\t\t<div class=\"elementor-element elementor-element-4c40137d e-flex e-con-boxed e-con e-parent\" data-id=\"4c40137d\" data-element_type=\"container\">\n\t\t\t\t\t<div class=\"e-con-inner\">\n\t\t<div class=\"elementor-element elementor-element-3b129e95 e-con-full e-flex elementor-invisible e-con e-child\" data-id=\"3b129e95\" data-element_type=\"container\" data-settings=\"{&quot;animation&quot;:&quot;slideInUp&quot;,&quot;animation_delay&quot;:200}\">\n\t\t\t\t<div class=\"elementor-element elementor-element-628dcd5a elementor-widget__width-initial e-transform elementor-widget elementor-widget-elementskit-heading\" data-id=\"628dcd5a\" data-element_type=\"widget\" data-settings=\"{&quot;_transform_scale_effect&quot;:{&quot;unit&quot;:&quot;px&quot;,&quot;size&quot;:1.6,&quot;sizes&quot;:[]},&quot;_transform_scale_effect_laptop&quot;:{&quot;unit&quot;:&quot;px&quot;,&quot;size&quot;:&quot;&quot;,&quot;sizes&quot;:[]},&quot;_transform_scale_effect_tablet&quot;:{&quot;unit&quot;:&quot;px&quot;,&quot;size&quot;:&quot;&quot;,&quot;sizes&quot;:[]},&quot;_transform_scale_effect_mobile&quot;:{&quot;unit&quot;:&quot;px&quot;,&quot;size&quot;:&quot;&quot;,&quot;sizes&quot;:[]}}\" data-widget_type=\"elementskit-heading.default\">\n\t\t\t\t<div class=\"elementor-widget-container\">\n\t\t\t\t\t<div class=\"ekit-wid-con\" ><div class=\"ekit-heading elementskit-section-title-wraper text_left   ekit_heading_tablet-   ekit_heading_mobile-\"><h2 class=\"ekit-heading--title elementskit-section-title text_fill\"><span><span>Career<\/span><\/span><\/h2><\/div><\/div>\t\t\t\t<\/div>\n\t\t\t\t<\/div>\n\t\t\t\t<\/div>\n\t\t<div class=\"elementor-element elementor-element-25be42f4 e-con-full e-flex e-con e-child\" data-id=\"25be42f4\" data-element_type=\"container\">\n\t\t<div class=\"elementor-element elementor-element-5324ff2c e-con-full e-flex e-con e-child\" data-id=\"5324ff2c\" data-element_type=\"container\">\n\t\t\t\t<div class=\"elementor-element elementor-element-375eac5c elementor-widget elementor-widget-heading\" data-id=\"375eac5c\" data-element_type=\"widget\" data-widget_type=\"heading.default\">\n\t\t\t\t<div class=\"elementor-widget-container\">\n\t\t\t\t\t<div class=\"elementor-heading-title elementor-size-default\">\ud83e\ude90<\/div>\t\t\t\t<\/div>\n\t\t\t\t<\/div>\n\t\t\t\t<div class=\"elementor-element elementor-element-2c1081d4 elementor-widget elementor-widget-heading\" data-id=\"2c1081d4\" data-element_type=\"widget\" data-widget_type=\"heading.default\">\n\t\t\t\t<div class=\"elementor-widget-container\">\n\t\t\t\t\t<h2 class=\"elementor-heading-title elementor-size-default\">Inclusive team<\/h2>\t\t\t\t<\/div>\n\t\t\t\t<\/div>\n\t\t\t\t<\/div>\n\t\t\t\t<\/div>\n\t\t<div class=\"elementor-element elementor-element-2216b847 e-con-full e-flex e-con e-child\" data-id=\"2216b847\" data-element_type=\"container\">\n\t\t\t\t<div class=\"elementor-element elementor-element-41220ba1 elementor-widget elementor-widget-elementskit-heading\" data-id=\"41220ba1\" data-element_type=\"widget\" data-widget_type=\"elementskit-heading.default\">\n\t\t\t\t<div class=\"elementor-widget-container\">\n\t\t\t\t\t<div class=\"ekit-wid-con\" ><div class=\"ekit-heading elementskit-section-title-wraper text_left   ekit_heading_tablet-   ekit_heading_mobile-\"><h2 class=\"ekit-heading--title elementskit-section-title text_fill\"><span><span>Na\u0161tartova\u010d<\/span><\/span> was born from the desire to deliver digital solutions that are sustainable and <span><span>exceptionally usable.<\/span><\/span><\/h2><\/div><\/div>\t\t\t\t<\/div>\n\t\t\t\t<\/div>\n\t\t\t\t<div class=\"elementor-element elementor-element-73f8e80a elementor-widget elementor-widget-text-editor\" data-id=\"73f8e80a\" data-element_type=\"widget\" data-widget_type=\"text-editor.default\">\n\t\t\t\t<div class=\"elementor-widget-container\">\n\t\t\t\t\t\t\t\t\t<p>At Na\u0161tartova\u010d, we believe the digital world makes sense only when it truly serves people \u2014 simply, functionally, and with attention to detail. Our projects are the result of collaboration between an experienced team of designers, developers, and strategists.<\/p>\n<p>\ud83c\udfaf <strong>Want to be part of our team?<\/strong><br \/>We\u2019re always looking for talented individuals who want to grow with us. Check out our <strong>current openings<\/strong> and kickstart your digital career!<\/p>\n\t\t\t\t\t\t\t\t<\/div>\n\t\t\t\t<\/div>\n\t\t<div class=\"elementor-element elementor-element-4272dbcd e-con-full e-flex elementor-invisible e-con e-child\" data-id=\"4272dbcd\" data-element_type=\"container\" data-settings=\"{&quot;animation&quot;:&quot;fadeIn&quot;,&quot;animation_delay&quot;:150}\">\n\t\t\t\t<div class=\"elementor-element elementor-element-4ace0cf7 elementor-widget__width-initial elementor-widget elementor-widget-heading\" data-id=\"4ace0cf7\" data-element_type=\"widget\" data-widget_type=\"heading.default\">\n\t\t\t\t<div class=\"elementor-widget-container\">\n\t\t\t\t\t<p class=\"elementor-heading-title elementor-size-default\">01<\/p>\t\t\t\t<\/div>\n\t\t\t\t<\/div>\n\t\t\t\t<div class=\"elementor-element elementor-element-384e8514 elementor-widget__width-initial ekit-equal-height-disable elementor-widget elementor-widget-elementskit-icon-box\" data-id=\"384e8514\" data-element_type=\"widget\" data-widget_type=\"elementskit-icon-box.default\">\n\t\t\t\t<div class=\"elementor-widget-container\">\n\t\t\t\t\t<div class=\"ekit-wid-con\" >        <!-- link opening -->\n                <!-- end link opening -->\n\n        <div class=\"elementskit-infobox text-left text- icon-lef-right-aligin elementor-animation-  gradient-active  hover_from_bottom\">\n                        <div class=\"box-body\">\n                            <h4 class=\"elementskit-info-box-title\">\n                    Photographer\/Videographer                <\/h4>\n                                                    <div class=\"box-footer disable_hover_button\">\n                    <div class=\"btn-wraper\">\n                                                            <a class=\"elementskit-btn whitespace--normal\" href=\"https:\/\/nastartovac.nastartovac.eu\/en\/photographer-job\/\">\n                                        <i aria-hidden=\"true\" class=\"icon icon-right-arrow\"><\/i>                                                                            <\/a>\n                                                        <\/div>\n                <\/div>\n                    <\/div>\n        \n        \n                    <div class=\"ekit-icon-box-badge ekit_position_bottom_left\">\n                <span class=\"ekit-badge\">\ud83d\udd35 Part-time job<\/span>\n            <\/div>\n                <\/div>\n        <\/div>\t\t\t\t<\/div>\n\t\t\t\t<\/div>\n\t\t\t\t<\/div>\n\t\t<div class=\"elementor-element elementor-element-1539425f e-con-full e-flex elementor-invisible e-con e-child\" data-id=\"1539425f\" data-element_type=\"container\" data-settings=\"{&quot;animation&quot;:&quot;fadeIn&quot;,&quot;animation_delay&quot;:200}\">\n\t\t\t\t<div class=\"elementor-element elementor-element-349341cf elementor-widget__width-initial elementor-widget elementor-widget-heading\" data-id=\"349341cf\" data-element_type=\"widget\" data-widget_type=\"heading.default\">\n\t\t\t\t<div class=\"elementor-widget-container\">\n\t\t\t\t\t<p class=\"elementor-heading-title elementor-size-default\">02<\/p>\t\t\t\t<\/div>\n\t\t\t\t<\/div>\n\t\t\t\t<div class=\"elementor-element elementor-element-6919c7ed elementor-widget__width-initial ekit-equal-height-disable elementor-widget elementor-widget-elementskit-icon-box\" data-id=\"6919c7ed\" data-element_type=\"widget\" data-widget_type=\"elementskit-icon-box.default\">\n\t\t\t\t<div class=\"elementor-widget-container\">\n\t\t\t\t\t<div class=\"ekit-wid-con\" >        <!-- link opening -->\n                <!-- end link opening -->\n\n        <div class=\"elementskit-infobox text-left text- icon-lef-right-aligin elementor-animation-  gradient-active  hover_from_bottom\">\n                        <div class=\"box-body\">\n                            <h4 class=\"elementskit-info-box-title\">\n                    Content Creator \u2013 social media management and content editing                <\/h4>\n                                                    <div class=\"box-footer disable_hover_button\">\n                    <div class=\"btn-wraper\">\n                                                            <a class=\"elementskit-btn whitespace--normal\" href=\"https:\/\/nastartovac.nastartovac.eu\/en\/content-creator-job\/\">\n                                        <i aria-hidden=\"true\" class=\"icon icon-right-arrow\"><\/i>                                                                            <\/a>\n                                                        <\/div>\n                <\/div>\n                    <\/div>\n        \n        \n                    <div class=\"ekit-icon-box-badge ekit_position_bottom_left\">\n                <span class=\"ekit-badge\">\ud83d\udd35 Part-time job<\/span>\n            <\/div>\n                <\/div>\n        <\/div>\t\t\t\t<\/div>\n\t\t\t\t<\/div>\n\t\t\t\t<\/div>\n\t\t<div class=\"elementor-element elementor-element-5be95407 e-con-full e-flex elementor-invisible e-con e-child\" data-id=\"5be95407\" data-element_type=\"container\" data-settings=\"{&quot;animation&quot;:&quot;fadeIn&quot;,&quot;animation_delay&quot;:250}\">\n\t\t\t\t<div class=\"elementor-element elementor-element-af5d11f elementor-widget__width-initial elementor-widget elementor-widget-heading\" data-id=\"af5d11f\" data-element_type=\"widget\" data-widget_type=\"heading.default\">\n\t\t\t\t<div class=\"elementor-widget-container\">\n\t\t\t\t\t<p class=\"elementor-heading-title elementor-size-default\">03<\/p>\t\t\t\t<\/div>\n\t\t\t\t<\/div>\n\t\t\t\t<div class=\"elementor-element elementor-element-7006f1fe elementor-widget__width-initial ekit-equal-height-disable elementor-widget elementor-widget-elementskit-icon-box\" data-id=\"7006f1fe\" data-element_type=\"widget\" data-widget_type=\"elementskit-icon-box.default\">\n\t\t\t\t<div class=\"elementor-widget-container\">\n\t\t\t\t\t<div class=\"ekit-wid-con\" >        <!-- link opening -->\n                <!-- end link opening -->\n\n        <div class=\"elementskit-infobox text-left text- icon-lef-right-aligin elementor-animation-  gradient-active  hover_from_bottom\">\n                        <div class=\"box-body\">\n                            <h4 class=\"elementskit-info-box-title\">\n                    WordPress Developer                <\/h4>\n                                                    <div class=\"box-footer disable_hover_button\">\n                    <div class=\"btn-wraper\">\n                                                            <a class=\"elementskit-btn whitespace--normal\" href=\"https:\/\/nastartovac.nastartovac.eu\/en\/wordpress-programmer-job\/\">\n                                        <i aria-hidden=\"true\" class=\"icon icon-right-arrow\"><\/i>                                                                            <\/a>\n                                                        <\/div>\n                <\/div>\n                    <\/div>\n        \n        \n                    <div class=\"ekit-icon-box-badge ekit_position_bottom_left\">\n                <span class=\"ekit-badge\">\ud83d\udd35 Part-time job<\/span>\n            <\/div>\n                <\/div>\n        <\/div>\t\t\t\t<\/div>\n\t\t\t\t<\/div>\n\t\t\t\t<\/div>\n\t\t\t\t<\/div>\n\t\t\t\t\t<\/div>\n\t\t\t\t<\/div>\n\t\t<div class=\"elementor-element elementor-element-60719c4c e-con-full e-flex e-con e-parent\" data-id=\"60719c4c\" data-element_type=\"container\" data-settings=\"{&quot;background_background&quot;:&quot;gradient&quot;}\">\n\t\t<div class=\"elementor-element elementor-element-417cfb22 e-flex e-con-boxed e-con e-child\" data-id=\"417cfb22\" data-element_type=\"container\">\n\t\t\t\t\t<div class=\"e-con-inner\">\n\t\t\t\t<div class=\"elementor-element elementor-element-22bbabd1 elementor-widget__width-initial elementor-widget elementor-widget-elementskit-heading\" data-id=\"22bbabd1\" data-element_type=\"widget\" data-widget_type=\"elementskit-heading.default\">\n\t\t\t\t<div class=\"elementor-widget-container\">\n\t\t\t\t\t<div class=\"ekit-wid-con\" ><div class=\"ekit-heading elementskit-section-title-wraper text_left   ekit_heading_tablet-   ekit_heading_mobile-text_center\"><h2 class=\"ekit-heading--title elementskit-section-title text_fill\">Transform your <span><span>brand today!<\/span><\/span><\/h2><\/div><\/div>\t\t\t\t<\/div>\n\t\t\t\t<\/div>\n\t\t\t\t<div class=\"elementor-element elementor-element-300b0d25 elementor-align-left elementor-widget elementor-widget-elementskit-button\" data-id=\"300b0d25\" data-element_type=\"widget\" data-widget_type=\"elementskit-button.default\">\n\t\t\t\t<div class=\"elementor-widget-container\">\n\t\t\t\t\t<div class=\"ekit-wid-con\" >\t\t<div class=\"ekit-btn-wraper\">\n\t\t\t\t\t\t\t<a href=\"https:\/\/nastartovac.nastartovac.eu\/en\/contacts\/\" class=\"elementskit-btn  whitespace--normal\" id=\"\">\n\t\t\t\t\tLet\u2019s discuss the project.<i class=\"icon icon-right-arrow1\"><\/i>\t\t\t\t<\/a>\n\t\t\t\t\t<\/div>\n        <\/div>\t\t\t\t<\/div>\n\t\t\t\t<\/div>\n\t\t\t\t\t<\/div>\n\t\t\t\t<\/div>\n\t\t\t\t<\/div>\n\t\t\t\t<\/div>\n\t\t","protected":false},"excerpt":{"rendered":"<p>\ud83d\udcc8 Join our team and develop your career Career \ud83e\ude90 Inclusive team Na\u0161tartova\u010d was born from the desire to deliver digital solutions that are sustainable and exceptionally usable. At Na\u0161tartova\u010d, we believe the digital world makes sense only when it truly serves people \u2014 simply, functionally, and with attention to detail. Our projects are the [&hellip;]<\/p>\n","protected":false},"author":1,"featured_media":0,"parent":0,"menu_order":0,"comment_status":"closed","ping_status":"closed","template":"elementor_header_footer","meta":{"footnotes":""},"class_list":["post-1055","page","type-page","status-publish","hentry"],"blocksy_meta":{"has_hero_section":"disabled","styles_descriptor":{"styles":{"desktop":"","tablet":"","mobile":""},"google_fonts":[],"version":6}},"_links":{"self":[{"href":"https:\/\/nastartovac.nastartovac.eu\/en\/wp-json\/wp\/v2\/pages\/1055","targetHints":{"allow":["GET"]}}],"collection":[{"href":"https:\/\/nastartovac.nastartovac.eu\/en\/wp-json\/wp\/v2\/pages"}],"about":[{"href":"https:\/\/nastartovac.nastartovac.eu\/en\/wp-json\/wp\/v2\/types\/page"}],"author":[{"embeddable":true,"href":"https:\/\/nastartovac.nastartovac.eu\/en\/wp-json\/wp\/v2\/users\/1"}],"replies":[{"embeddable":true,"href":"https:\/\/nastartovac.nastartovac.eu\/en\/wp-json\/wp\/v2\/comments?post=1055"}],"version-history":[{"count":4,"href":"https:\/\/nastartovac.nastartovac.eu\/en\/wp-json\/wp\/v2\/pages\/1055\/revisions"}],"predecessor-version":[{"id":1386,"href":"https:\/\/nastartovac.nastartovac.eu\/en\/wp-json\/wp\/v2\/pages\/1055\/revisions\/1386"}],"wp:attachment":[{"href":"https:\/\/nastartovac.nastartovac.eu\/en\/wp-json\/wp\/v2\/media?parent=1055"}],"curies":[{"name":"wp","href":"https:\/\/api.w.org\/{rel}","templated":true}]}}